{"id":773,"date":"2025-02-20T02:18:36","date_gmt":"2025-02-20T02:18:36","guid":{"rendered":"https:\/\/academiacf.com\/nueva\/?page_id=773"},"modified":"2025-02-20T02:21:21","modified_gmt":"2025-02-20T02:21:21","slug":"selectivos-torneos","status":"publish","type":"page","link":"https:\/\/academiacf.com\/index.php\/selectivos-torneos\/","title":{"rendered":"selectivos torneos"},"content":{"rendered":"\t\t<div data-elementor-type=\"wp-page\" data-elementor-id=\"773\" class=\"elementor elementor-773\">\n\t\t\t\t<div class=\"elementor-element elementor-element-03c05fe e-con-full e-flex wpr-particle-no wpr-jarallax-no wpr-parallax-no wpr-sticky-section-no wpr-equal-height-no e-con e-parent\" data-id=\"03c05fe\" data-element_type=\"container\" data-e-type=\"container\" data-settings=\"{&quot;background_background&quot;:&quot;classic&quot;}\">\n\t\t\t\t<div class=\"elementor-element elementor-element-0e665d1 elementor-widget-tablet__width-inherit eael-dual-header-content-mobile-align-center elementor-widget__width-initial eael-dual-header-content-align-center elementor-widget elementor-widget-eael-dual-color-header\" data-id=\"0e665d1\" data-element_type=\"widget\" data-e-type=\"widget\" data-widget_type=\"eael-dual-color-header.default\">\n\t\t\t\t<div class=\"elementor-widget-container\">\n\t\t\t\t\t\t\t\t<div class=\"eael-dual-header\">\n\t\t\t\t<h1 class=\"title eael-dch-title\"><span class=\"eael-dch-title-text eael-dch-title-lead lead solid-color\">Selectivos<\/span> <span class=\"eael-dch-title-text\">en Torneos<\/span><\/h1>\t\t\t<\/div>\n\n\t\t\t\t\t\t<\/div>\n\t\t\t\t<\/div>\n\t\t\t\t<\/div>\n\t\t<div class=\"elementor-element elementor-element-488b9cc e-flex e-con-boxed wpr-particle-no wpr-jarallax-no wpr-parallax-no wpr-sticky-section-no wpr-equal-height-no e-con e-parent\" data-id=\"488b9cc\" data-element_type=\"container\" data-e-type=\"container\">\n\t\t\t\t\t<div class=\"e-con-inner\">\n\t\t\t\t<div class=\"elementor-element elementor-element-b6751d9 elementor-widget elementor-widget-text-editor\" data-id=\"b6751d9\" data-element_type=\"widget\" data-e-type=\"widget\" data-widget_type=\"text-editor.default\">\n\t\t\t\t<div class=\"elementor-widget-container\">\n\t\t\t\t\t\t\t\t\t<p>Academia CF participa en Torneos Internacionales en diferentes ciudades del mundo como parte de la formaci\u00f3n del deportista,\u00a0 pudiendo experimentar los participantes, las sensaciones y\u00a0 exigencias en este tipo de competici\u00f3n<\/p><p>Los selectivos, seg\u00fan los casos, ser\u00e1n constituidos por integrantes de las Academia CF a\u00a0 nivel local, nacional o internacional<\/p>\t\t\t\t\t\t\t\t<\/div>\n\t\t\t\t<\/div>\n\t\t\t\t\t<\/div>\n\t\t\t\t<\/div>\n\t\t<div class=\"elementor-element elementor-element-90cf446 e-flex e-con-boxed wpr-particle-no wpr-jarallax-no wpr-parallax-no wpr-sticky-section-no wpr-equal-height-no e-con e-parent\" data-id=\"90cf446\" data-element_type=\"container\" data-e-type=\"container\">\n\t\t\t\t\t<div class=\"e-con-inner\">\n\t\t\t\t<div class=\"elementor-element elementor-element-c13bdc5 elementor-widget elementor-widget-text-editor\" data-id=\"c13bdc5\" data-element_type=\"widget\" data-e-type=\"widget\" data-widget_type=\"text-editor.default\">\n\t\t\t\t<div class=\"elementor-widget-container\">\n\t\t\t\t\t\t\t\t\t<p>Participaci\u00f3n de equipos selectivos en torneos<\/p>\t\t\t\t\t\t\t\t<\/div>\n\t\t\t\t<\/div>\n\t\t\t\t\t<\/div>\n\t\t\t\t<\/div>\n\t\t<div class=\"elementor-element elementor-element-638a810 e-flex e-con-boxed wpr-particle-no wpr-jarallax-no wpr-parallax-no wpr-sticky-section-no wpr-equal-height-no e-con e-parent\" data-id=\"638a810\" data-element_type=\"container\" data-e-type=\"container\">\n\t\t\t\t\t<div class=\"e-con-inner\">\n\t\t\t\t<div class=\"elementor-element elementor-element-51a6dff elementor-widget elementor-widget-text-editor\" data-id=\"51a6dff\" data-element_type=\"widget\" data-e-type=\"widget\" data-widget_type=\"text-editor.default\">\n\t\t\t\t<div class=\"elementor-widget-container\">\n\t\t\t\t\t\t\t\t\t<p>Adem\u00e1s de la participaci\u00f3n en s\u00ed en los Torneos, intentamos promover la convivencia, el refuerzo de la personalidad, la posibilidad de descubrir nuevas ciudades y culturas e incluso dar a los jugadores la posibilidad de mostrar sus cualidades futbol\u00edsticas en diferentes pa\u00edses.<\/p><ul><li><strong>Campeones en Hait\u00ed<\/strong>\u00a0en\u00a0<strong>2020\u00a0<\/strong>nuestro representante el AS Truitier, consigue la victoria en el torneo Challenge en la categor\u00eda U18.<\/li><li>Academia Santa Clara galardonada con dos\u00a0<strong>primeros\u00a0<\/strong>puestos en categor\u00edas U9 y U11 y con dos\u00a0<strong>terceros\u00a0<\/strong>puestos en categor\u00edas U13 y U15 en el Torneo Internacional de F\u00fatbol Virtual.<\/li><li><strong>Campeones en CUBA en 2020<\/strong>\u00a0tras 4 meses sin pr\u00e1cticas a causa del Covid-19, la Academia CF de Santa Clara, ha salido campe\u00f3n en la categor\u00eda de Sub-12, ganando de manera\u00a0<strong>invicta\u00a0<\/strong>y sin haber permitido goles en contra.<\/li><li><strong>Campeones en CUBA<\/strong>\u00a0en\u00a0<strong>2017<\/strong>\u00a0nuestro representativo de Santa Clara,\u00a0 se proclama campe\u00f3n provincial en la categor\u00eda U13<\/li><li>En\u00a0<strong>2016<\/strong>\u00a0sumamos un\u00a0<strong>3er puesto<\/strong>\u00a0en la categor\u00eda cadete (U16) en el torneo\u00a0Portugal International Cup, as\u00ed como el\u00a0<strong>t\u00edtulo de campeones<\/strong>\u00a0en la categor\u00eda juvenil (U19)<\/li><li><strong>Terceros\u00a0<\/strong>en\u00a0Andorra Cup\u00a0en 2015. En esta ocasi\u00f3n no llegamos a las finales pero rescatamos, gracias al gran desempe\u00f1o de nuestros jugadores, el 3er puesto en la categor\u00eda juvenil (U19).\u00a0 Por otra parte se estren\u00f3 la Academia CF en la categor\u00eda Alevin U12) con un representativo de Andorra, logrando el 4\u00ba puesto<\/li><li><strong>Finalistas\u00a0 y subcampeones<\/strong>\u00a0en\u00a0Barcelona Youth Cup\u00a0\u2013\u00a0Salou\u00a02015\u00a0en las categor\u00edas cadete (U16) e infantil (U14). Una vez m\u00e1s y de manera consecutiva nuestros selectivos llegaron a las finales en las categor\u00edas participantes, con buen juego y deportividad no solo han recogido las copas sino tambi\u00e9n el apoyo y cari\u00f1o de la afici\u00f3n en general<\/li><li><strong>Campeones y subcampeones<\/strong>\u00a0en\u00a0Canarias Cup\u00a0Tenerife 2014. La Academia CF se estrena en Tenerife y logra su primer t\u00edtulo de Campe\u00f3n en la categor\u00eda cadete, venciendo en la final del torneo al Pozuelo CF de Madrid. Asimismo su simil en la categor\u00eda juvenil se qued\u00f3 con el subcampeonato<\/li><\/ul><h4 class=\"has-text-align-center\">\u00a1Felicitaciones para los jugadores y cuerpo t\u00e9cnico!<\/h4>\t\t\t\t\t\t\t\t<\/div>\n\t\t\t\t<\/div>\n\t\t\t\t\t<\/div>\n\t\t\t\t<\/div>\n\t\t\t\t<\/div>\n\t\t","protected":false},"excerpt":{"rendered":"<p>Selectivos en Torneos Academia CF participa en Torneos Internacionales en diferentes ciudades del mundo como parte de la formaci\u00f3n del deportista,\u00a0 pudiendo experimentar los participantes, las sensaciones y\u00a0 exigencias en este tipo de competici\u00f3n Los selectivos, seg\u00fan los casos, ser\u00e1n constituidos por integrantes de las Academia CF a\u00a0 nivel local, nacional o internacional Participaci\u00f3n de equipos selectivos en torneos Adem\u00e1s de la participaci\u00f3n en s\u00ed en los Torneos, intentamos promover la convivencia, el refuerzo de la personalidad, la posibilidad de descubrir nuevas ciudades y culturas e incluso dar a los jugadores la posibilidad de mostrar sus cualidades futbol\u00edsticas en diferentes pa\u00edses. Campeones en Hait\u00ed\u00a0en\u00a02020\u00a0nuestro representante el AS Truitier, consigue la victoria en el torneo Challenge en la categor\u00eda U18. Academia Santa Clara galardonada con dos\u00a0primeros\u00a0puestos en categor\u00edas U9 y U11 y con dos\u00a0terceros\u00a0puestos en categor\u00edas U13 y U15 en el Torneo Internacional de F\u00fatbol Virtual. Campeones en CUBA en 2020\u00a0tras 4 meses sin pr\u00e1cticas a causa del Covid-19, la Academia CF de Santa Clara, ha salido campe\u00f3n en la categor\u00eda de Sub-12, ganando de manera\u00a0invicta\u00a0y sin haber permitido goles en contra. Campeones en CUBA\u00a0en\u00a02017\u00a0nuestro representativo de Santa Clara,\u00a0 se proclama campe\u00f3n provincial en la categor\u00eda U13 En\u00a02016\u00a0sumamos un\u00a03er puesto\u00a0en la categor\u00eda cadete (U16) en el torneo\u00a0Portugal International Cup, as\u00ed como el\u00a0t\u00edtulo de campeones\u00a0en la categor\u00eda juvenil (U19) Terceros\u00a0en\u00a0Andorra Cup\u00a0en 2015. En esta ocasi\u00f3n no llegamos a las finales pero rescatamos, gracias al gran desempe\u00f1o de nuestros jugadores, el 3er puesto en la categor\u00eda juvenil (U19).\u00a0 Por otra parte se estren\u00f3 la Academia CF en la categor\u00eda Alevin U12) con un representativo de Andorra, logrando el 4\u00ba puesto Finalistas\u00a0 y subcampeones\u00a0en\u00a0Barcelona Youth Cup\u00a0\u2013\u00a0Salou\u00a02015\u00a0en las categor\u00edas cadete (U16) e infantil (U14). Una vez m\u00e1s y de manera consecutiva nuestros selectivos llegaron a las finales en las categor\u00edas participantes, con buen juego y deportividad no solo han recogido las copas sino tambi\u00e9n el apoyo y cari\u00f1o de la afici\u00f3n en general Campeones y subcampeones\u00a0en\u00a0Canarias Cup\u00a0Tenerife 2014. La Academia CF se estrena en Tenerife y logra su primer t\u00edtulo de Campe\u00f3n en la categor\u00eda cadete, venciendo en la final del torneo al Pozuelo CF de Madrid. Asimismo su simil en la categor\u00eda juvenil se qued\u00f3 con el subcampeonato \u00a1Felicitaciones para los jugadores y cuerpo t\u00e9cnico!<\/p>\n","protected":false},"author":2,"featured_media":0,"parent":0,"menu_order":0,"comment_status":"closed","ping_status":"closed","template":"elementor_header_footer","meta":{"site-sidebar-layout":"no-sidebar","site-content-layout":"","ast-site-content-layout":"full-width-container","site-content-style":"default","site-sidebar-style":"default","ast-global-header-display":"","ast-banner-title-visibility":"","ast-main-header-display":"","ast-hfb-above-header-display":"","ast-hfb-below-header-display":"","ast-hfb-mobile-header-display":"","site-post-title":"disabled","ast-breadcrumbs-content":"","ast-featured-img":"disabled","footer-sml-layout":"","theme-transparent-header-meta":"","adv-header-id-meta":"","stick-header-meta":"","header-above-stick-meta":"","header-main-stick-meta":"","header-below-stick-meta":"","astra-migrate-meta-layouts":"default","ast-page-background-enabled":"default","ast-page-background-meta":{"desktop":{"background-color":"var(--ast-global-color-5)","background-image":"","background-repeat":"repeat","background-position":"center center","background-size":"auto","background-attachment":"scroll","background-type":"","background-media":"","overlay-type":"","overlay-color":"","overlay-opacity":"","overlay-gradient":""},"tablet":{"background-color":"","background-image":"","background-repeat":"repeat","background-position":"center center","background-size":"auto","background-attachment":"scroll","background-type":"","background-media":"","overlay-type":"","overlay-color":"","overlay-opacity":"","overlay-gradient":""},"mobile":{"background-color":"","background-image":"","background-repeat":"repeat","background-position":"center center","background-size":"auto","background-attachment":"scroll","background-type":"","background-media":"","overlay-type":"","overlay-color":"","overlay-opacity":"","overlay-gradient":""}},"ast-content-background-meta":{"desktop":{"background-color":"var(--ast-global-color-4)","background-image":"","background-repeat":"repeat","background-position":"center center","background-size":"auto","background-attachment":"scroll","background-type":"","background-media":"","overlay-type":"","overlay-color":"","overlay-opacity":"","overlay-gradient":""},"tablet":{"background-color":"var(--ast-global-color-4)","background-image":"","background-repeat":"repeat","background-position":"center center","background-size":"auto","background-attachment":"scroll","background-type":"","background-media":"","overlay-type":"","overlay-color":"","overlay-opacity":"","overlay-gradient":""},"mobile":{"background-color":"var(--ast-global-color-4)","background-image":"","background-repeat":"repeat","background-position":"center center","background-size":"auto","background-attachment":"scroll","background-type":"","background-media":"","overlay-type":"","overlay-color":"","overlay-opacity":"","overlay-gradient":""}},"footnotes":""},"class_list":["post-773","page","type-page","status-publish","hentry"],"_links":{"self":[{"href":"https:\/\/academiacf.com\/index.php\/wp-json\/wp\/v2\/pages\/773","targetHints":{"allow":["GET"]}}],"collection":[{"href":"https:\/\/academiacf.com\/index.php\/wp-json\/wp\/v2\/pages"}],"about":[{"href":"https:\/\/academiacf.com\/index.php\/wp-json\/wp\/v2\/types\/page"}],"author":[{"embeddable":true,"href":"https:\/\/academiacf.com\/index.php\/wp-json\/wp\/v2\/users\/2"}],"replies":[{"embeddable":true,"href":"https:\/\/academiacf.com\/index.php\/wp-json\/wp\/v2\/comments?post=773"}],"version-history":[{"count":4,"href":"https:\/\/academiacf.com\/index.php\/wp-json\/wp\/v2\/pages\/773\/revisions"}],"predecessor-version":[{"id":778,"href":"https:\/\/academiacf.com\/index.php\/wp-json\/wp\/v2\/pages\/773\/revisions\/778"}],"wp:attachment":[{"href":"https:\/\/academiacf.com\/index.php\/wp-json\/wp\/v2\/media?parent=773"}],"curies":[{"name":"wp","href":"https:\/\/api.w.org\/{rel}","templated":true}]}}