{"id":783,"date":"2025-02-20T02:24:04","date_gmt":"2025-02-20T02:24:04","guid":{"rendered":"https:\/\/academiacf.com\/nueva\/?page_id=783"},"modified":"2025-08-09T05:27:38","modified_gmt":"2025-08-09T05:27:38","slug":"derechos-de-imagen","status":"publish","type":"page","link":"https:\/\/academiacf.com\/index.php\/derechos-de-imagen\/","title":{"rendered":"Derechos de Imagen"},"content":{"rendered":"\t\t<div data-elementor-type=\"wp-page\" data-elementor-id=\"783\" class=\"elementor elementor-783\">\n\t\t\t\t<div class=\"elementor-element elementor-element-6289b6c e-con-full e-flex wpr-particle-no wpr-jarallax-no wpr-parallax-no wpr-sticky-section-no wpr-equal-height-no e-con e-parent\" data-id=\"6289b6c\" data-element_type=\"container\" data-e-type=\"container\" data-settings=\"{&quot;background_background&quot;:&quot;classic&quot;}\">\n\t\t\t\t<div class=\"elementor-element elementor-element-70afb0f9 elementor-widget-tablet__width-inherit eael-dual-header-content-mobile-align-center elementor-widget__width-initial eael-dual-header-content-align-center elementor-widget elementor-widget-eael-dual-color-header\" data-id=\"70afb0f9\" data-element_type=\"widget\" data-e-type=\"widget\" data-widget_type=\"eael-dual-color-header.default\">\n\t\t\t\t<div class=\"elementor-widget-container\">\n\t\t\t\t\t\t\t\t<div class=\"eael-dual-header\">\n\t\t\t\t<h1 class=\"title eael-dch-title\"><span class=\"eael-dch-title-text eael-dch-title-lead lead solid-color\"><\/span> <span class=\"eael-dch-title-text\">Derechos de Imagen<\/span><\/h1>\t\t\t<\/div>\n\n\t\t\t\t\t\t<\/div>\n\t\t\t\t<\/div>\n\t\t\t\t<\/div>\n\t\t<div class=\"elementor-element elementor-element-81f30f3 e-flex e-con-boxed wpr-particle-no wpr-jarallax-no wpr-parallax-no wpr-sticky-section-no wpr-equal-height-no e-con e-parent\" data-id=\"81f30f3\" data-element_type=\"container\" data-e-type=\"container\">\n\t\t\t\t\t<div class=\"e-con-inner\">\n\t\t\t\t<div class=\"elementor-element elementor-element-a8503d2 elementor-widget elementor-widget-text-editor\" data-id=\"a8503d2\" data-element_type=\"widget\" data-e-type=\"widget\" data-widget_type=\"text-editor.default\">\n\t\t\t\t<div class=\"elementor-widget-container\">\n\t\t\t\t\t\t\t\t\t<p>Dada la Ley del \u201cDerecho a la propia imagen\u201d reconocida en el art\u00edculo 18.1 de la Constituci\u00f3n y regulado por la Ley sobre el derecho al Honor, que encuentra su desarrollo en la Ley Org\u00e1nica 1\/1982, a la intimidad personal\/familiar y a la propia imagen, tenemos la obligaci\u00f3n de vernos sujetos a los t\u00e9rminos de la ley. Aceptar estos t\u00e9rminos representa el consentimiento del responsable del grupo para la realizaci\u00f3n de fotograf\u00edas durante su participaci\u00f3n en los eventos desarrollados mediante cualquier marca perteneciente a Journeys Coming SLU y la libre explotaci\u00f3n de las mismas. Esto implica el consentimiento a la cesi\u00f3n de los derechos de explotaci\u00f3n,distribuci\u00f3n y divulgaci\u00f3n, trasformaci\u00f3n, comunicaci\u00f3n p\u00fablica y reproducci\u00f3n de la grabaci\u00f3n y\/o fotograf\u00eda que se han tomado, para que puedan ser utilizadas por Journeys Coming SLU en cualquier canal de comunicaci\u00f3n (online y offline) que la propia entidad disponga.<br>Declaro expresamente que la grabaci\u00f3n\/fotograf\u00edas que han hecho no violan derecho alguno de terceros y por ello se exime a Journeys Coming SLU de cualquier responsabilidad derivada de reclamaciones de terceros. As\u00ed mismo, se renuncia tambi\u00e9n a la cesi\u00f3n de los derechos concedidos, a interponer cualquier reclamaci\u00f3n por raz\u00f3n del uso de las im\u00e1genes por difamaci\u00f3n e invasi\u00f3n de la privacidad.<\/p>\t\t\t\t\t\t\t\t<\/div>\n\t\t\t\t<\/div>\n\t\t\t\t\t<\/div>\n\t\t\t\t<\/div>\n\t\t\t\t<\/div>\n\t\t","protected":false},"excerpt":{"rendered":"<p>Derechos de Imagen Dada la Ley del \u201cDerecho a la propia imagen\u201d reconocida en el art\u00edculo 18.1 de la Constituci\u00f3n y regulado por la Ley sobre el derecho al Honor, que encuentra su desarrollo en la Ley Org\u00e1nica 1\/1982, a la intimidad personal\/familiar y a la propia imagen, tenemos la obligaci\u00f3n de vernos sujetos a los t\u00e9rminos de la ley. Aceptar estos t\u00e9rminos representa el consentimiento del responsable del grupo para la realizaci\u00f3n de fotograf\u00edas durante su participaci\u00f3n en los eventos desarrollados mediante cualquier marca perteneciente a Journeys Coming SLU y la libre explotaci\u00f3n de las mismas. Esto implica el consentimiento a la cesi\u00f3n de los derechos de explotaci\u00f3n,distribuci\u00f3n y divulgaci\u00f3n, trasformaci\u00f3n, comunicaci\u00f3n p\u00fablica y reproducci\u00f3n de la grabaci\u00f3n y\/o fotograf\u00eda que se han tomado, para que puedan ser utilizadas por Journeys Coming SLU en cualquier canal de comunicaci\u00f3n (online y offline) que la propia entidad disponga.Declaro expresamente que la grabaci\u00f3n\/fotograf\u00edas que han hecho no violan derecho alguno de terceros y por ello se exime a Journeys Coming SLU de cualquier responsabilidad derivada de reclamaciones de terceros. As\u00ed mismo, se renuncia tambi\u00e9n a la cesi\u00f3n de los derechos concedidos, a interponer cualquier reclamaci\u00f3n por raz\u00f3n del uso de las im\u00e1genes por difamaci\u00f3n e invasi\u00f3n de la privacidad.<\/p>\n","protected":false},"author":2,"featured_media":0,"parent":0,"menu_order":0,"comment_status":"closed","ping_status":"closed","template":"elementor_header_footer","meta":{"site-sidebar-layout":"no-sidebar","site-content-layout":"","ast-site-content-layout":"full-width-container","site-content-style":"default","site-sidebar-style":"default","ast-global-header-display":"","ast-banner-title-visibility":"","ast-main-header-display":"","ast-hfb-above-header-display":"","ast-hfb-below-header-display":"","ast-hfb-mobile-header-display":"","site-post-title":"disabled","ast-breadcrumbs-content":"","ast-featured-img":"disabled","footer-sml-layout":"","theme-transparent-header-meta":"","adv-header-id-meta":"","stick-header-meta":"","header-above-stick-meta":"","header-main-stick-meta":"","header-below-stick-meta":"","astra-migrate-meta-layouts":"default","ast-page-background-enabled":"default","ast-page-background-meta":{"desktop":{"background-color":"var(--ast-global-color-5)","background-image":"","background-repeat":"repeat","background-position":"center center","background-size":"auto","background-attachment":"scroll","background-type":"","background-media":"","overlay-type":"","overlay-color":"","overlay-opacity":"","overlay-gradient":""},"tablet":{"background-color":"","background-image":"","background-repeat":"repeat","background-position":"center center","background-size":"auto","background-attachment":"scroll","background-type":"","background-media":"","overlay-type":"","overlay-color":"","overlay-opacity":"","overlay-gradient":""},"mobile":{"background-color":"","background-image":"","background-repeat":"repeat","background-position":"center center","background-size":"auto","background-attachment":"scroll","background-type":"","background-media":"","overlay-type":"","overlay-color":"","overlay-opacity":"","overlay-gradient":""}},"ast-content-background-meta":{"desktop":{"background-color":"var(--ast-global-color-4)","background-image":"","background-repeat":"repeat","background-position":"center center","background-size":"auto","background-attachment":"scroll","background-type":"","background-media":"","overlay-type":"","overlay-color":"","overlay-opacity":"","overlay-gradient":""},"tablet":{"background-color":"var(--ast-global-color-4)","background-image":"","background-repeat":"repeat","background-position":"center center","background-size":"auto","background-attachment":"scroll","background-type":"","background-media":"","overlay-type":"","overlay-color":"","overlay-opacity":"","overlay-gradient":""},"mobile":{"background-color":"var(--ast-global-color-4)","background-image":"","background-repeat":"repeat","background-position":"center center","background-size":"auto","background-attachment":"scroll","background-type":"","background-media":"","overlay-type":"","overlay-color":"","overlay-opacity":"","overlay-gradient":""}},"footnotes":""},"class_list":["post-783","page","type-page","status-publish","hentry"],"_links":{"self":[{"href":"https:\/\/academiacf.com\/index.php\/wp-json\/wp\/v2\/pages\/783","targetHints":{"allow":["GET"]}}],"collection":[{"href":"https:\/\/academiacf.com\/index.php\/wp-json\/wp\/v2\/pages"}],"about":[{"href":"https:\/\/academiacf.com\/index.php\/wp-json\/wp\/v2\/types\/page"}],"author":[{"embeddable":true,"href":"https:\/\/academiacf.com\/index.php\/wp-json\/wp\/v2\/users\/2"}],"replies":[{"embeddable":true,"href":"https:\/\/academiacf.com\/index.php\/wp-json\/wp\/v2\/comments?post=783"}],"version-history":[{"count":10,"href":"https:\/\/academiacf.com\/index.php\/wp-json\/wp\/v2\/pages\/783\/revisions"}],"predecessor-version":[{"id":944,"href":"https:\/\/academiacf.com\/index.php\/wp-json\/wp\/v2\/pages\/783\/revisions\/944"}],"wp:attachment":[{"href":"https:\/\/academiacf.com\/index.php\/wp-json\/wp\/v2\/media?parent=783"}],"curies":[{"name":"wp","href":"https:\/\/api.w.org\/{rel}","templated":true}]}}