{"id":939,"date":"2025-08-09T05:19:22","date_gmt":"2025-08-09T05:19:22","guid":{"rendered":"https:\/\/academiacf.com\/?page_id=939"},"modified":"2025-08-09T05:49:21","modified_gmt":"2025-08-09T05:49:21","slug":"aviso-legal","status":"publish","type":"page","link":"https:\/\/academiacf.com\/index.php\/aviso-legal\/","title":{"rendered":"Aviso Legal"},"content":{"rendered":"\t\t<div data-elementor-type=\"wp-page\" data-elementor-id=\"939\" class=\"elementor elementor-939\">\n\t\t\t\t<div class=\"elementor-element elementor-element-2f3028b e-con-full e-flex wpr-particle-no wpr-jarallax-no wpr-parallax-no wpr-sticky-section-no wpr-equal-height-no e-con e-parent\" data-id=\"2f3028b\" data-element_type=\"container\" data-e-type=\"container\" data-settings=\"{&quot;background_background&quot;:&quot;classic&quot;}\">\n\t\t\t\t<div class=\"elementor-element elementor-element-d7e1c94 elementor-widget-tablet__width-inherit eael-dual-header-content-mobile-align-center elementor-widget__width-initial eael-dual-header-content-align-center elementor-widget elementor-widget-eael-dual-color-header\" data-id=\"d7e1c94\" data-element_type=\"widget\" data-e-type=\"widget\" data-widget_type=\"eael-dual-color-header.default\">\n\t\t\t\t<div class=\"elementor-widget-container\">\n\t\t\t\t\t\t\t\t<div class=\"eael-dual-header\">\n\t\t\t\t<h1 class=\"title eael-dch-title\"><span class=\"eael-dch-title-text eael-dch-title-lead lead solid-color\"><\/span> <span class=\"eael-dch-title-text\">Aviso Legal<\/span><\/h1>\t\t\t<\/div>\n\n\t\t\t\t\t\t<\/div>\n\t\t\t\t<\/div>\n\t\t\t\t<\/div>\n\t\t<div class=\"elementor-element elementor-element-d263522 e-flex e-con-boxed wpr-particle-no wpr-jarallax-no wpr-parallax-no wpr-sticky-section-no wpr-equal-height-no e-con e-parent\" data-id=\"d263522\" data-element_type=\"container\" data-e-type=\"container\">\n\t\t\t\t\t<div class=\"e-con-inner\">\n\t\t\t\t<div class=\"elementor-element elementor-element-8012b00 elementor-widget elementor-widget-text-editor\" data-id=\"8012b00\" data-element_type=\"widget\" data-e-type=\"widget\" data-widget_type=\"text-editor.default\">\n\t\t\t\t<div class=\"elementor-widget-container\">\n\t\t\t\t\t\t\t\t\t<p>Para dar cumplimiento con lo establecido en la Ley 34\/ 2002, de 11 de Julio, de servicios de la sociedad de la informaci\u00f3n y de comercio electr\u00f3nico, a continuaci\u00f3n se indican los datos de informaci\u00f3n general de este sitio web:<\/p><ul><li>Titular: JOURNEYS COMING SLU<\/li><\/ul><p>Datos de las oficinas de la empresa:<\/p><ul><li>Direcci\u00f3n: Calle P\u00e9rez De Rozas, 25, Local A, Oficina 47<\/li><li>Contacto: info@futbolbaseinternacional.com<\/li><li>Tel\u00e9fono: +34646132944<\/li><\/ul><p><strong>OBJETO<\/strong><\/p><p>La presente p\u00e1gina web https:\/\/academiacf.com, propiedad de JOURNEYS COMING SLU ha estado creada y dise\u00f1ada para dar a conocer y permitir el acceso general de todos los usuarios de internet, a la informaci\u00f3n, actividades, productos y servicios ofertados por esta entidad.<\/p><p>El presente aviso legal tiene como objeto establecer las Condiciones Generales que regulen el acceso y uso general de la citada p\u00e1gina web por parte de todos los usuarios, de manera que el acceso y uso de \u00e9sta implica necesariamente, la sumisi\u00f3n y aceptaci\u00f3n de las Condiciones Generales citadas incluidas en este Aviso Legal.<\/p><p><strong>USUARIO<\/strong><\/p><p>La utilizaci\u00f3n de esta p\u00e1gina Web le atribuye la condici\u00f3n de usuario de la misma.<\/p><p>Se recomienda al usuario que lea atenta y detenidamente las condiciones e instrucciones publicadas cada vez que acceda a esta p\u00e1gina web, dado que el acceso implica su lectura y aceptaci\u00f3n. Mediante el acceso y uso a https:\/\/academiacf.com o cualquiera de sus p\u00e1ginas y subdominios, el usuario manifiesta su acuerdo de forma expresa, plena y sin reservas a las condiciones e instrucciones publicadas en el aviso legal en el momento del acceso sin perjuicio de la aplicaci\u00f3n de la correspondiente normativa de obligado cumplimiento legal seg\u00fan el caso.<\/p><p>Cualquier utilizaci\u00f3n distinta a la autorizada est\u00e1 expresamente prohibida, quedando JOURNEYS COMING SLU facultada para denegar o retirar el acceso y uso de la Web, en cualquier momento, y sin previo aviso, a aquellos usuarios que incumplan estas condiciones generales.<\/p><p>El usuario asume su responsabilidad en el uso correcto del sitio web.<\/p><p>Esta responsabilidad se extender\u00e1 a:<\/p><ul><li>La veracidad y licitud de las informaciones aportadas por el usuario en los formularios extendidos por JOURNEYS COMING SLU para el acceso a ciertos contenidos o servicios ofrecidos por el web.<\/li><li>El uso de la informaci\u00f3n, servicios y datos ofrecidos por JOURNEYS COMING SLU contrariamente a lo dispuesto por las presentes condiciones, la Ley, la moral, las buenas costumbres o el orden p\u00fablico, o que de cualquier otro modo puedan suponer lesi\u00f3n de los derechos de terceros o del mismo funcionamiento del sitio web.<\/li><\/ul><p><strong>USO NO AUTORIZADO<\/strong><\/p><p>El usuario de este sitio web se compromete a no hacer uso del mismo para fines o actividades ilegales o il\u00edcitas; en consecuencia, no podr\u00e1 variar ninguno de los elementos incorporados en nuestra web, copiar, distribuir, transmitir, presentar, realizar, o en general, reproducir de cualquier modo, publicar, autorizar o crear cualquier trabajo en base a la informaci\u00f3n o el contenido incorporado en nuestro sitio web por JOURNEYS COMING SLU, sus agentes, directivos, filiales y\/o empleados.<\/p><p><strong>POL\u00cdTICA DE ENLACES Y EXENCIONES DE RESPONSABILIDAD<\/strong><\/p><p>JOURNEYS COMING SLU no se hace responsable del contenido de los sitios web a los que el usuario pueda acceder a trav\u00e9s de los enlaces establecidos en su sitio web y declara que en ning\u00fan caso proceder\u00e1 a examinar o ejercitar ning\u00fan tipo de control sobre el contenido de otros sitios de la red. Asimismo, tampoco garantizar\u00e1 la disponibilidad t\u00e9cnica, exactitud, veracidad, validez o legalidad de sitios ajenos a su propiedad a los que se pueda acceder por medio de los enlaces.<\/p><p>JOURNEYS COMING SLU declara haber adoptado todas las medidas necesarias para evitar cualesquiera que fueran los da\u00f1os a los usuarios de su sitio web, que pudieran derivarse de la navegaci\u00f3n por su sitio web. En consecuencia, JOURNEYS COMING SLU no se hace responsable, en ning\u00fan caso, de los eventuales da\u00f1os que por la navegaci\u00f3n por Internet pudiera sufrir el usuario.<\/p><p><strong>MODIFICACIONES<\/strong><\/p><p>JOURNEYS COMING SLU se reserva el derecho a realizar las modificaciones que considere oportunas, sin aviso previo, en el contenido de su sitio web. Tanto en lo referente a los contenidos del sitio web, como en las condiciones de uso del mismo, o en las condiciones generales de contrataci\u00f3n. Dichas modificaciones podr\u00e1n realizarse a trav\u00e9s de su sitio web por cualquier forma admisible en derecho y ser\u00e1n de obligado cumplimiento durante el tiempo en que se encuentren publicadas en el web y hasta que no sean modificadas v\u00e1lidamente por otras posteriores.<\/p><p><strong>PROPIEDAD INTELECTUAL E INDUSTRIAL<\/strong><\/p><p>JOURNEYS COMING SLU por s\u00ed misma o como cesionaria, es titular de todos los derechos de propiedad intelectual e industrial de su p\u00e1gina web, as\u00ed como de los elementos contenidos en la misma (a t\u00edtulo enunciativo, im\u00e1genes, sonido, audio, v\u00eddeo, software o textos; marcas o logotipos, combinaciones de colores, estructura y dise\u00f1o, selecci\u00f3n de materiales usados, programas de ordenador necesarios para su funcionamiento, acceso y uso, etc.), titularidad de JOURNEYS COMING SLU Ser\u00e1n, por consiguiente, obras protegidas como propiedad intelectual por el ordenamiento jur\u00eddico espa\u00f1ol, si\u00e9ndoles aplicables tanto la normativa espa\u00f1ola y comunitaria en este campo, como los tratados internacionales relativos a la materia y suscritos por Espa\u00f1a.<\/p><p>Todos los derechos reservados. En ning\u00fan caso se entender\u00e1 que se concede licencia alguna o se efect\u00faa renuncia, transmisi\u00f3n, cesi\u00f3n total o parcial de dichos derechos. En virtud de lo dispuesto en los art\u00edculos 8 y 32.1, p\u00e1rrafo segundo, de la Ley de Propiedad Intelectual, quedan expresamente prohibidas la reproducci\u00f3n, la distribuci\u00f3n y la comunicaci\u00f3n p\u00fablica, incluida su modalidad de puesta a disposici\u00f3n, de la totalidad o parte de los contenidos de esta p\u00e1gina web, con fines comerciales, en cualquier soporte y por cualquier medio t\u00e9cnico, sin la autorizaci\u00f3n de JOURNEYS COMING SLU.<\/p><p>El usuario se compromete a respetar los derechos de Propiedad Intelectual e Industrial titularidad de JOURNEYS COMING SLU Podr\u00e1 visualizar los elementos del portal e incluso imprimirlos, copiarlos y almacenarlos en el disco duro de su ordenador o en cualquier otro soporte f\u00edsico siempre y cuando sea, \u00fanica y exclusivamente, para su uso personal y privado. Las aludidas marcas comerciales son de uso no autorizado, por lo que no podr\u00e1n usarse por ning\u00fan tercero sin el consentimiento expreso por escrito y firmado por sus propietarios. Igualmente el usuario no est\u00e1 autorizado a utilizar, en cualquier otro sitio web, las marcas comerciales de JOURNEYS COMING SLU como v\u00ednculos sin su previo consentimiento por escrito.<\/p><p>A\u00fan en el caso de que el usuario descargue en nuestra web cualquier de las aplicaciones disponibles para tal fin, ello no le otorgar\u00e1 derecho alguno sobre \u00e9stas, dado que JOURNEYS COMING SLU s\u00f3lo le autoriza su uso y conserva todos los derechos de las mismas.<\/p><p>El usuario deber\u00e1 abstenerse de suprimir, alterar, eludir o manipular cualquier dispositivo de protecci\u00f3n o sistema de seguridad que estuviera instalado en las p\u00e1ginas de JOURNEYS COMING SLU<\/p><p>Si tienes cualquier duda puedes consultarnos y te atenderemos con total transparencia.<\/p><p>\u00a0<\/p>\t\t\t\t\t\t\t\t<\/div>\n\t\t\t\t<\/div>\n\t\t\t\t\t<\/div>\n\t\t\t\t<\/div>\n\t\t\t\t<\/div>\n\t\t","protected":false},"excerpt":{"rendered":"<p>Aviso Legal Para dar cumplimiento con lo establecido en la Ley 34\/ 2002, de 11 de Julio, de servicios de la sociedad de la informaci\u00f3n y de comercio electr\u00f3nico, a continuaci\u00f3n se indican los datos de informaci\u00f3n general de este sitio web: Titular: JOURNEYS COMING SLU Datos de las oficinas de la empresa: Direcci\u00f3n: Calle P\u00e9rez De Rozas, 25, Local A, Oficina 47 Contacto: info@futbolbaseinternacional.com Tel\u00e9fono: +34646132944 OBJETO La presente p\u00e1gina web https:\/\/academiacf.com, propiedad de JOURNEYS COMING SLU ha estado creada y dise\u00f1ada para dar a conocer y permitir el acceso general de todos los usuarios de internet, a la informaci\u00f3n, actividades, productos y servicios ofertados por esta entidad. El presente aviso legal tiene como objeto establecer las Condiciones Generales que regulen el acceso y uso general de la citada p\u00e1gina web por parte de todos los usuarios, de manera que el acceso y uso de \u00e9sta implica necesariamente, la sumisi\u00f3n y aceptaci\u00f3n de las Condiciones Generales citadas incluidas en este Aviso Legal. USUARIO La utilizaci\u00f3n de esta p\u00e1gina Web le atribuye la condici\u00f3n de usuario de la misma. Se recomienda al usuario que lea atenta y detenidamente las condiciones e instrucciones publicadas cada vez que acceda a esta p\u00e1gina web, dado que el acceso implica su lectura y aceptaci\u00f3n. Mediante el acceso y uso a https:\/\/academiacf.com o cualquiera de sus p\u00e1ginas y subdominios, el usuario manifiesta su acuerdo de forma expresa, plena y sin reservas a las condiciones e instrucciones publicadas en el aviso legal en el momento del acceso sin perjuicio de la aplicaci\u00f3n de la correspondiente normativa de obligado cumplimiento legal seg\u00fan el caso. Cualquier utilizaci\u00f3n distinta a la autorizada est\u00e1 expresamente prohibida, quedando JOURNEYS COMING SLU facultada para denegar o retirar el acceso y uso de la Web, en cualquier momento, y sin previo aviso, a aquellos usuarios que incumplan estas condiciones generales. El usuario asume su responsabilidad en el uso correcto del sitio web. Esta responsabilidad se extender\u00e1 a: La veracidad y licitud de las informaciones aportadas por el usuario en los formularios extendidos por JOURNEYS COMING SLU para el acceso a ciertos contenidos o servicios ofrecidos por el web. El uso de la informaci\u00f3n, servicios y datos ofrecidos por JOURNEYS COMING SLU contrariamente a lo dispuesto por las presentes condiciones, la Ley, la moral, las buenas costumbres o el orden p\u00fablico, o que de cualquier otro modo puedan suponer lesi\u00f3n de los derechos de terceros o del mismo funcionamiento del sitio web. USO NO AUTORIZADO El usuario de este sitio web se compromete a no hacer uso del mismo para fines o actividades ilegales o il\u00edcitas; en consecuencia, no podr\u00e1 variar ninguno de los elementos incorporados en nuestra web, copiar, distribuir, transmitir, presentar, realizar, o en general, reproducir de cualquier modo, publicar, autorizar o crear cualquier trabajo en base a la informaci\u00f3n o el contenido incorporado en nuestro sitio web por JOURNEYS COMING SLU, sus agentes, directivos, filiales y\/o empleados. POL\u00cdTICA DE ENLACES Y EXENCIONES DE RESPONSABILIDAD JOURNEYS COMING SLU no se hace responsable del contenido de los sitios web a los que el usuario pueda acceder a trav\u00e9s de los enlaces establecidos en su sitio web y declara que en ning\u00fan caso proceder\u00e1 a examinar o ejercitar ning\u00fan tipo de control sobre el contenido de otros sitios de la red. Asimismo, tampoco garantizar\u00e1 la disponibilidad t\u00e9cnica, exactitud, veracidad, validez o legalidad de sitios ajenos a su propiedad a los que se pueda acceder por medio de los enlaces. JOURNEYS COMING SLU declara haber adoptado todas las medidas necesarias para evitar cualesquiera que fueran los da\u00f1os a los usuarios de su sitio web, que pudieran derivarse de la navegaci\u00f3n por su sitio web. En consecuencia, JOURNEYS COMING SLU no se hace responsable, en ning\u00fan caso, de los eventuales da\u00f1os que por la navegaci\u00f3n por Internet pudiera sufrir el usuario. MODIFICACIONES JOURNEYS COMING SLU se reserva el derecho a realizar las modificaciones que considere oportunas, sin aviso previo, en el contenido de su sitio web. Tanto en lo referente a los contenidos del sitio web, como en las condiciones de uso del mismo, o en las condiciones generales de contrataci\u00f3n. Dichas modificaciones podr\u00e1n realizarse a trav\u00e9s de su sitio web por cualquier forma admisible en derecho y ser\u00e1n de obligado cumplimiento durante el tiempo en que se encuentren publicadas en el web y hasta que no sean modificadas v\u00e1lidamente por otras posteriores. PROPIEDAD INTELECTUAL E INDUSTRIAL JOURNEYS COMING SLU por s\u00ed misma o como cesionaria, es titular de todos los derechos de propiedad intelectual e industrial de su p\u00e1gina web, as\u00ed como de los elementos contenidos en la misma (a t\u00edtulo enunciativo, im\u00e1genes, sonido, audio, v\u00eddeo, software o textos; marcas o logotipos, combinaciones de colores, estructura y dise\u00f1o, selecci\u00f3n de materiales usados, programas de ordenador necesarios para su funcionamiento, acceso y uso, etc.), titularidad de JOURNEYS COMING SLU Ser\u00e1n, por consiguiente, obras protegidas como propiedad intelectual por el ordenamiento jur\u00eddico espa\u00f1ol, si\u00e9ndoles aplicables tanto la normativa espa\u00f1ola y comunitaria en este campo, como los tratados internacionales relativos a la materia y suscritos por Espa\u00f1a. Todos los derechos reservados. En ning\u00fan caso se entender\u00e1 que se concede licencia alguna o se efect\u00faa renuncia, transmisi\u00f3n, cesi\u00f3n total o parcial de dichos derechos. En virtud de lo dispuesto en los art\u00edculos 8 y 32.1, p\u00e1rrafo segundo, de la Ley de Propiedad Intelectual, quedan expresamente prohibidas la reproducci\u00f3n, la distribuci\u00f3n y la comunicaci\u00f3n p\u00fablica, incluida su modalidad de puesta a disposici\u00f3n, de la totalidad o parte de los contenidos de esta p\u00e1gina web, con fines comerciales, en cualquier soporte y por cualquier medio t\u00e9cnico, sin la autorizaci\u00f3n de JOURNEYS COMING SLU. El usuario se compromete a respetar los derechos de Propiedad Intelectual e Industrial titularidad de JOURNEYS COMING SLU Podr\u00e1 visualizar los elementos del portal e incluso imprimirlos, copiarlos y almacenarlos en el disco duro de su ordenador o en cualquier otro soporte f\u00edsico siempre y cuando sea, \u00fanica y exclusivamente, para su uso personal y privado. Las aludidas marcas comerciales son de uso no autorizado, por lo<\/p>\n","protected":false},"author":2,"featured_media":0,"parent":0,"menu_order":0,"comment_status":"closed","ping_status":"closed","template":"elementor_header_footer","meta":{"site-sidebar-layout":"no-sidebar","site-content-layout":"","ast-site-content-layout":"full-width-container","site-content-style":"default","site-sidebar-style":"default","ast-global-header-display":"","ast-banner-title-visibility":"","ast-main-header-display":"","ast-hfb-above-header-display":"","ast-hfb-below-header-display":"","ast-hfb-mobile-header-display":"","site-post-title":"disabled","ast-breadcrumbs-content":"","ast-featured-img":"disabled","footer-sml-layout":"","theme-transparent-header-meta":"","adv-header-id-meta":"","stick-header-meta":"","header-above-stick-meta":"","header-main-stick-meta":"","header-below-stick-meta":"","astra-migrate-meta-layouts":"default","ast-page-background-enabled":"default","ast-page-background-meta":{"desktop":{"background-color":"var(--ast-global-color-5)","background-image":"","background-repeat":"repeat","background-position":"center center","background-size":"auto","background-attachment":"scroll","background-type":"","background-media":"","overlay-type":"","overlay-color":"","overlay-opacity":"","overlay-gradient":""},"tablet":{"background-color":"","background-image":"","background-repeat":"repeat","background-position":"center center","background-size":"auto","background-attachment":"scroll","background-type":"","background-media":"","overlay-type":"","overlay-color":"","overlay-opacity":"","overlay-gradient":""},"mobile":{"background-color":"","background-image":"","background-repeat":"repeat","background-position":"center center","background-size":"auto","background-attachment":"scroll","background-type":"","background-media":"","overlay-type":"","overlay-color":"","overlay-opacity":"","overlay-gradient":""}},"ast-content-background-meta":{"desktop":{"background-color":"var(--ast-global-color-4)","background-image":"","background-repeat":"repeat","background-position":"center center","background-size":"auto","background-attachment":"scroll","background-type":"","background-media":"","overlay-type":"","overlay-color":"","overlay-opacity":"","overlay-gradient":""},"tablet":{"background-color":"var(--ast-global-color-4)","background-image":"","background-repeat":"repeat","background-position":"center center","background-size":"auto","background-attachment":"scroll","background-type":"","background-media":"","overlay-type":"","overlay-color":"","overlay-opacity":"","overlay-gradient":""},"mobile":{"background-color":"var(--ast-global-color-4)","background-image":"","background-repeat":"repeat","background-position":"center center","background-size":"auto","background-attachment":"scroll","background-type":"","background-media":"","overlay-type":"","overlay-color":"","overlay-opacity":"","overlay-gradient":""}},"footnotes":""},"class_list":["post-939","page","type-page","status-publish","hentry"],"_links":{"self":[{"href":"https:\/\/academiacf.com\/index.php\/wp-json\/wp\/v2\/pages\/939","targetHints":{"allow":["GET"]}}],"collection":[{"href":"https:\/\/academiacf.com\/index.php\/wp-json\/wp\/v2\/pages"}],"about":[{"href":"https:\/\/academiacf.com\/index.php\/wp-json\/wp\/v2\/types\/page"}],"author":[{"embeddable":true,"href":"https:\/\/academiacf.com\/index.php\/wp-json\/wp\/v2\/users\/2"}],"replies":[{"embeddable":true,"href":"https:\/\/academiacf.com\/index.php\/wp-json\/wp\/v2\/comments?post=939"}],"version-history":[{"count":10,"href":"https:\/\/academiacf.com\/index.php\/wp-json\/wp\/v2\/pages\/939\/revisions"}],"predecessor-version":[{"id":965,"href":"https:\/\/academiacf.com\/index.php\/wp-json\/wp\/v2\/pages\/939\/revisions\/965"}],"wp:attachment":[{"href":"https:\/\/academiacf.com\/index.php\/wp-json\/wp\/v2\/media?parent=939"}],"curies":[{"name":"wp","href":"https:\/\/api.w.org\/{rel}","templated":true}]}}